{"id":179,"date":"2024-02-25T10:52:41","date_gmt":"2024-02-25T09:52:41","guid":{"rendered":"https:\/\/wudangparis.fr\/?page_id=179"},"modified":"2025-09-10T16:51:13","modified_gmt":"2025-09-10T14:51:13","slug":"pratiquez-un-art-martial-complet","status":"publish","type":"page","link":"https:\/\/wudangparis.fr\/","title":{"rendered":"PRATIQUEZ UN ART MARTIAL COMPLET"},"content":{"rendered":"\n<p><strong>Informations pour la rentr\u00e9e 2025 <\/strong>:<\/p>\n\n\n\n<p>Cours du MERCREDI &#8211; <a href=\"https:\/\/maps.app.goo.gl\/L8519VvqXRdjAyQ68\" target=\"_blank\" rel=\"noreferrer noopener\">80 avenue Parmentier 75011 Paris<\/a> (de 19h30 \u00e0 21h30).<\/p>\n\n\n\n<p>Cours du DIMANCHE &#8211; <a href=\"https:\/\/maps.app.goo.gl\/mYR39yS18eUUbYuG7\" target=\"_blank\" rel=\"noreferrer noopener\">Centre Sportif Micheline Ostermeyer (ex Pajol) 75018 Paris<\/a> (de 13h \u00e0 15h).<\/p>\n\n\n\n<p>Bienvenu pour un cours d&rsquo;essai gratuit ! Renseignements : 06 08 81 58 29<\/p>\n\n\n\n<hr class=\"wp-block-separator has-alpha-channel-opacity\"\/>\n\n\n\n<figure class=\"wp-block-image size-large is-resized\"><img loading=\"lazy\" decoding=\"async\" width=\"1024\" height=\"252\" src=\"http:\/\/wudangparis.fr\/wp-content\/uploads\/2024\/02\/apropos-1024x252.jpg\" alt=\"\" class=\"wp-image-106\" style=\"width:642px;height:auto\" srcset=\"https:\/\/wudangparis.fr\/wp-content\/uploads\/2024\/02\/apropos-1024x252.jpg 1024w, https:\/\/wudangparis.fr\/wp-content\/uploads\/2024\/02\/apropos-300x74.jpg 300w, https:\/\/wudangparis.fr\/wp-content\/uploads\/2024\/02\/apropos-768x189.jpg 768w, https:\/\/wudangparis.fr\/wp-content\/uploads\/2024\/02\/apropos.jpg 1404w\" sizes=\"auto, (max-width: 1024px) 100vw, 1024px\" \/><\/figure>\n\n\n\n<p><\/p>\n\n\n\n<p class=\"has-medium-font-size\">Le Tai Chi Chuan style Wudang est un art martial d\u2019origine chinoise, b\u00e9n\u00e9fique \u00e0 la sant\u00e9 physique et au bien-\u00eatre g\u00e9n\u00e9ral, comprenant :<\/p>\n\n\n\n<ul class=\"wp-block-list\">\n<li>Les TAO LU (encha\u00eenements) : tranquillit\u00e9 et concentration dans le mouvement<\/li>\n<\/ul>\n\n\n\n<ul class=\"wp-block-list\">\n<li>Les TUI SHOU (pouss\u00e9e des mains) : \u00e9quilibre, coordination et \u00e9coute du partenaire<\/li>\n<\/ul>\n\n\n\n<ul class=\"wp-block-list\">\n<li>Les SAN SHOU (applications martiales \u00e0 mains nues, et pratique des armes traditionnelles, sabre, \u00e9p\u00e9e et lance) : dynamique, souplesse et fluidit\u00e9<\/li>\n<\/ul>\n\n\n\n<p>Professeur : Armelle MALFILATRE, dipl\u00f4m\u00e9e DEJEPS, disciple de Sifu Dan Docherty, enseigne depuis 1999 dans le cadre de cours et de stages, en France et en Europe.<\/p>\n\n\n\n<p><strong>Cours Adultes, Tous niveaux<\/strong><br>Quel que soit son niveau, le pratiquant trouvera une \u00e9coute attentive et une pratique structur\u00e9e, dans une ambiance conviviale et dynamique.<\/p>\n\n\n\n<p>Les cours sont assur\u00e9s de d\u00e9but septembre \u00e0 fin juillet, y compris pendant les vacances scolaires, hormis les jours f\u00e9ri\u00e9s.<\/p>\n\n\n\n<hr class=\"wp-block-separator has-alpha-channel-opacity\"\/>\n\n\n\n<figure class=\"wp-block-video\"><video height=\"720\" style=\"aspect-ratio: 1280 \/ 720;\" width=\"1280\" controls poster=\"http:\/\/wudangparis.fr\/wp-content\/uploads\/2024\/03\/Vid1.jpg\" src=\"https:\/\/wudangparis.fr\/wp-content\/uploads\/2024\/03\/Tai-Chi-Self-Defense.mp4\"><\/video><\/figure>\n\n\n\n<p><strong>Tai Chi Self Defense<\/strong><\/p>\n\n\n\n<hr class=\"wp-block-separator has-alpha-channel-opacity\"\/>\n\n\n\n<figure class=\"wp-block-video\"><video height=\"720\" style=\"aspect-ratio: 1280 \/ 720;\" width=\"1280\" controls poster=\"http:\/\/wudangparis.fr\/wp-content\/uploads\/2024\/03\/Vid2.jpg\" src=\"https:\/\/wudangparis.fr\/wp-content\/uploads\/2024\/03\/Tai-Chi-Weapons.mp4\"><\/video><\/figure>\n\n\n\n<p><strong>Tai Chi Weapons<\/strong><\/p>\n","protected":false},"excerpt":{"rendered":"<p>Informations pour la rentr\u00e9e 2025 : Cours du MERCREDI &#8211; 80 avenue Parmentier 75011 Paris (de 19h30 \u00e0 21h30). Cours du DIMANCHE &#8211; Centre Sportif Micheline Ostermeyer (ex Pajol) 75018 Paris (de 13h \u00e0 15h). Bienvenu pour un cours d&rsquo;essai gratuit ! Renseignements : 06 08 81 58 29 Le Tai Chi Chuan style Wudang [&hellip;]<\/p>\n","protected":false},"author":1,"featured_media":0,"parent":0,"menu_order":0,"comment_status":"closed","ping_status":"closed","template":"","meta":{"footnotes":""},"class_list":["post-179","page","type-page","status-publish","hentry"],"_links":{"self":[{"href":"https:\/\/wudangparis.fr\/index.php\/wp-json\/wp\/v2\/pages\/179","targetHints":{"allow":["GET"]}}],"collection":[{"href":"https:\/\/wudangparis.fr\/index.php\/wp-json\/wp\/v2\/pages"}],"about":[{"href":"https:\/\/wudangparis.fr\/index.php\/wp-json\/wp\/v2\/types\/page"}],"author":[{"embeddable":true,"href":"https:\/\/wudangparis.fr\/index.php\/wp-json\/wp\/v2\/users\/1"}],"replies":[{"embeddable":true,"href":"https:\/\/wudangparis.fr\/index.php\/wp-json\/wp\/v2\/comments?post=179"}],"version-history":[{"count":38,"href":"https:\/\/wudangparis.fr\/index.php\/wp-json\/wp\/v2\/pages\/179\/revisions"}],"predecessor-version":[{"id":888,"href":"https:\/\/wudangparis.fr\/index.php\/wp-json\/wp\/v2\/pages\/179\/revisions\/888"}],"wp:attachment":[{"href":"https:\/\/wudangparis.fr\/index.php\/wp-json\/wp\/v2\/media?parent=179"}],"curies":[{"name":"wp","href":"https:\/\/api.w.org\/{rel}","templated":true}]}}